{"id":362,"date":"2024-10-19T09:54:31","date_gmt":"2024-10-19T09:54:31","guid":{"rendered":"https:\/\/infinityrenovation.ae\/about\/"},"modified":"2024-11-08T21:52:48","modified_gmt":"2024-11-08T21:52:48","slug":"apropos","status":"publish","type":"page","link":"https:\/\/infinityrenovation.ae\/fr\/apropos\/","title":{"rendered":"APROPOS"},"content":{"rendered":"\t\t<div data-elementor-type=\"wp-page\" data-elementor-id=\"362\" class=\"elementor elementor-362\" data-elementor-post-type=\"page\">\n\t\t\t\t\t\t<section data-particle_enable=\"false\" data-particle-mobile-disabled=\"false\" class=\"elementor-section elementor-top-section elementor-element elementor-element-6ed61ea7 elementor-section-boxed elementor-section-height-default elementor-section-height-default\" data-id=\"6ed61ea7\" data-element_type=\"section\" data-e-type=\"section\" data-settings=\"{&quot;background_background&quot;:&quot;gradient&quot;}\">\n\t\t\t\t\t\t\t<div class=\"elementor-background-overlay\"><\/div>\n\t\t\t\t\t\t\t<div class=\"elementor-container elementor-column-gap-default\">\n\t\t\t\t\t<div class=\"elementor-column elementor-col-100 elementor-top-column elementor-element elementor-element-7a524876\" data-id=\"7a524876\" data-element_type=\"column\" data-e-type=\"column\" data-settings=\"{&quot;background_background&quot;:&quot;slideshow&quot;,&quot;background_slideshow_transition_duration&quot;:800,&quot;background_slideshow_ken_burns&quot;:&quot;yes&quot;,&quot;background_slideshow_gallery&quot;:[],&quot;background_slideshow_loop&quot;:&quot;yes&quot;,&quot;background_slideshow_slide_duration&quot;:5000,&quot;background_slideshow_slide_transition&quot;:&quot;fade&quot;,&quot;background_slideshow_ken_burns_zoom_direction&quot;:&quot;in&quot;}\">\n\t\t\t<div class=\"elementor-widget-wrap elementor-element-populated\">\n\t\t\t\t\t\t<div class=\"elementor-element elementor-element-85ba0fc elementor-widget elementor-widget-spacer\" data-id=\"85ba0fc\" data-element_type=\"widget\" data-e-type=\"widget\" data-widget_type=\"spacer.default\">\n\t\t\t\t<div class=\"elementor-widget-container\">\n\t\t\t\t\t\t\t<div class=\"elementor-spacer\">\n\t\t\t<div class=\"elementor-spacer-inner\"><\/div>\n\t\t<\/div>\n\t\t\t\t\t\t<\/div>\n\t\t\t\t<\/div>\n\t\t\t\t<div class=\"elementor-element elementor-element-44b17b0e elementor-widget-divider--view-line_text elementor-widget-divider--element-align-center elementor-invisible elementor-widget elementor-widget-divider\" data-id=\"44b17b0e\" data-element_type=\"widget\" data-e-type=\"widget\" data-settings=\"{&quot;_animation&quot;:&quot;fadeInUp&quot;}\" data-widget_type=\"divider.default\">\n\t\t\t\t<div class=\"elementor-widget-container\">\n\t\t\t\t\t\t\t<div class=\"elementor-divider\">\n\t\t\t<span class=\"elementor-divider-separator\">\n\t\t\t\t\t\t\t<span class=\"elementor-divider__text elementor-divider__element\">\n\t\t\t\t\u00c0 PROPOS DE NOUS\t\t\t\t<\/span>\n\t\t\t\t\t\t<\/span>\n\t\t<\/div>\n\t\t\t\t\t\t<\/div>\n\t\t\t\t<\/div>\n\t\t\t\t<div class=\"elementor-element elementor-element-139cb00d animated-slow elementor-invisible elementor-widget elementor-widget-heading\" data-id=\"139cb00d\" data-element_type=\"widget\" data-e-type=\"widget\" data-settings=\"{&quot;_animation&quot;:&quot;fadeInUp&quot;,&quot;_animation_delay&quot;:1300}\" data-widget_type=\"heading.default\">\n\t\t\t\t<div class=\"elementor-widget-container\">\n\t\t\t\t\t<h2 class=\"elementor-heading-title elementor-size-default\">Infinity Renovation <\/h2>\t\t\t\t<\/div>\n\t\t\t\t<\/div>\n\t\t\t\t<div class=\"elementor-element elementor-element-c408d9c elementor-widget elementor-widget-spacer\" data-id=\"c408d9c\" data-element_type=\"widget\" data-e-type=\"widget\" data-widget_type=\"spacer.default\">\n\t\t\t\t<div class=\"elementor-widget-container\">\n\t\t\t\t\t\t\t<div class=\"elementor-spacer\">\n\t\t\t<div class=\"elementor-spacer-inner\"><\/div>\n\t\t<\/div>\n\t\t\t\t\t\t<\/div>\n\t\t\t\t<\/div>\n\t\t\t\t\t<\/div>\n\t\t<\/div>\n\t\t\t\t\t<\/div>\n\t\t<\/section>\n\t\t\t\t<section data-particle_enable=\"false\" data-particle-mobile-disabled=\"false\" class=\"elementor-section elementor-top-section elementor-element elementor-element-d1d0ef2 elementor-section-boxed elementor-section-height-default elementor-section-height-default\" data-id=\"d1d0ef2\" data-element_type=\"section\" data-e-type=\"section\">\n\t\t\t\t\t\t<div class=\"elementor-container elementor-column-gap-default\">\n\t\t\t\t\t<div class=\"elementor-column elementor-col-100 elementor-top-column elementor-element elementor-element-1ed1190b\" data-id=\"1ed1190b\" data-element_type=\"column\" data-e-type=\"column\">\n\t\t\t<div class=\"elementor-widget-wrap elementor-element-populated\">\n\t\t\t\t\t\t<div class=\"elementor-element elementor-element-6d3e259 elementor-invisible elementor-widget elementor-widget-text-editor\" data-id=\"6d3e259\" data-element_type=\"widget\" data-e-type=\"widget\" data-settings=\"{&quot;_animation&quot;:&quot;fadeInUp&quot;}\" data-widget_type=\"text-editor.default\">\n\t\t\t\t<div class=\"elementor-widget-container\">\n\t\t\t\t\t\t\t\t\t<h2><strong>\u00c0 propos d&rsquo;Infinity Renovation<\/strong><\/h2><p>Chez Infinity Renovation, nous sommes d\u00e9di\u00e9s \u00e0 la transformation d&rsquo;espaces en environnements inspirants et fonctionnels. Bas\u00e9s \u00e0 Duba\u00ef, nous nous sp\u00e9cialisons dans la fourniture de services de r\u00e9novation de haute qualit\u00e9, adapt\u00e9s aux besoins uniques des clients r\u00e9sidentiels et commerciaux. Que vous souhaitiez am\u00e9liorer votre maison, votre bureau ou votre espace de vente, notre \u00e9quipe d&rsquo;experts est l\u00e0 pour donner vie \u00e0 votre vision.<\/p><h3><strong>Qui nous sommes<\/strong><\/h3><p>Fond\u00e9e sur les principes d&rsquo;excellence, d&rsquo;artisanat et de satisfaction client, Infinity Renovation est rapidement devenue un nom de confiance sur le march\u00e9 de la r\u00e9novation \u00e0 Duba\u00ef. Avec une \u00e9quipe de professionnels hautement qualifi\u00e9s et des ann\u00e9es d&rsquo;exp\u00e9rience, nous nous engageons \u00e0 fournir des solutions de r\u00e9novation qui d\u00e9passent les attentes.<\/p><p>Notre entreprise se targue de son attention aux d\u00e9tails, de sa gestion de projet fiable et de sa capacit\u00e9 \u00e0 s&rsquo;adapter aux exigences sp\u00e9cifiques de chaque projet. Nous comprenons que votre espace est le reflet de votre personnalit\u00e9 ou de votre marque, et nous prenons le temps de garantir que le r\u00e9sultat final est parfaitement adapt\u00e9 \u00e0 vos besoins.<\/p><h3><strong>Notre mission<\/strong><\/h3><p>Notre mission chez Infinity Renovation est de cr\u00e9er des espaces beaux, fonctionnels et durables qui am\u00e9liorent non seulement l&rsquo;apparence et l&rsquo;ambiance de votre environnement, mais aussi sa valeur et son utilit\u00e9. Nous visons \u00e0 \u00eatre le partenaire de r\u00e9novation de choix \u00e0 Duba\u00ef en fournissant un service exceptionnel, des designs innovants et un artisanat de haute qualit\u00e9.<\/p><h3><strong>Ce que nous faisons<\/strong><\/h3><p>Nous proposons une gamme compl\u00e8te de services de r\u00e9novation, y compris :<\/p><ul><li>R\u00e9novations compl\u00e8tes de maisons<\/li><li>R\u00e9novation de cuisines et de salles de bains<\/li><li>Am\u00e9nagements commerciaux<\/li><li>Menuiserie et charpenterie sur mesure<\/li><li>Solutions de design int\u00e9rieur<\/li><li>Rev\u00eatement de sol, carrelage et peinture<\/li><\/ul><p>De la conception \u00e0 la r\u00e9alisation, nous g\u00e9rons chaque aspect de votre projet de r\u00e9novation avec professionnalisme et soin. Notre \u00e9quipe travaille en \u00e9troite collaboration avec vous pour s&rsquo;assurer que chaque d\u00e9tail correspond \u00e0 votre vision, offrant une exp\u00e9rience de r\u00e9novation sans faille.<\/p><h3><strong>Pourquoi nous choisir ?<\/strong><\/h3><ul><li><strong>\u00c9quipe exp\u00e9riment\u00e9e<\/strong> : Nous disposons d&rsquo;une \u00e9quipe hautement form\u00e9e et comp\u00e9tente, passionn\u00e9e par la r\u00e9alisation de r\u00e9sultats de premier ordre.<\/li><li><strong>Approche centr\u00e9e sur le client<\/strong> : Votre satisfaction est notre priorit\u00e9. Nous travaillons en \u00e9troite collaboration avec vous pour comprendre vos besoins et vous tenir inform\u00e9 \u00e0 chaque \u00e9tape.<\/li><li><strong>Mat\u00e9riaux de haute qualit\u00e9<\/strong> : Nous n&rsquo;utilisons que les meilleurs mat\u00e9riaux pour garantir durabilit\u00e9 et finition premium dans chaque projet.<\/li><li><strong>Livraison dans les d\u00e9lais<\/strong> : Nous respectons votre temps, c&rsquo;est pourquoi nous nous engageons \u00e0 r\u00e9aliser chaque projet dans les d\u00e9lais convenus.<\/li><\/ul><p>Chez Infinity Renovation, nous croyons en la cr\u00e9ation d&rsquo;espaces inspirants, et notre succ\u00e8s repose sur notre engagement ind\u00e9fectible envers la qualit\u00e9, l&rsquo;innovation et la satisfaction du client.<\/p>\t\t\t\t\t\t\t\t<\/div>\n\t\t\t\t<\/div>\n\t\t\t\t<div class=\"elementor-element elementor-element-e4cdeb0 elementor-align-left elementor-widget__width-initial elementor-widget elementor-widget-button\" data-id=\"e4cdeb0\" data-element_type=\"widget\" data-e-type=\"widget\" data-widget_type=\"button.default\">\n\t\t\t\t<div class=\"elementor-widget-container\">\n\t\t\t\t\t\t\t\t\t<div class=\"elementor-button-wrapper\">\n\t\t\t\t\t<a class=\"elementor-button elementor-button-link elementor-size-sm\" href=\"https:\/\/infinityrenovation.ae\/fr\/apropos\/\">\n\t\t\t\t\t\t<span class=\"elementor-button-content-wrapper\">\n\t\t\t\t\t\t<span class=\"elementor-button-icon\">\n\t\t\t\t<svg aria-hidden=\"true\" class=\"e-font-icon-svg e-fas-arrow-right\" viewBox=\"0 0 448 512\" xmlns=\"http:\/\/www.w3.org\/2000\/svg\"><path d=\"M190.5 66.9l22.2-22.2c9.4-9.4 24.6-9.4 33.9 0L441 239c9.4 9.4 9.4 24.6 0 33.9L246.6 467.3c-9.4 9.4-24.6 9.4-33.9 0l-22.2-22.2c-9.5-9.5-9.3-25 .4-34.3L311.4 296H24c-13.3 0-24-10.7-24-24v-32c0-13.3 10.7-24 24-24h287.4L190.9 101.2c-9.8-9.3-10-24.8-.4-34.3z\"><\/path><\/svg>\t\t\t<\/span>\n\t\t\t\t\t\t\t\t\t<span class=\"elementor-button-text\">Plus sur nos services<\/span>\n\t\t\t\t\t<\/span>\n\t\t\t\t\t<\/a>\n\t\t\t\t<\/div>\n\t\t\t\t\t\t\t\t<\/div>\n\t\t\t\t<\/div>\n\t\t\t\t\t<\/div>\n\t\t<\/div>\n\t\t\t\t\t<\/div>\n\t\t<\/section>\n\t\t\t\t<\/div>\n\t\t","protected":false},"excerpt":{"rendered":"<p>\u00c0 PROPOS DE NOUS Infinity Renovation \u00c0 propos d&rsquo;Infinity Renovation Chez Infinity Renovation, nous sommes d\u00e9di\u00e9s \u00e0 la transformation d&rsquo;espaces en environnements inspirants et fonctionnels. Bas\u00e9s \u00e0 Duba\u00ef, nous nous sp\u00e9cialisons dans la fourniture de services de r\u00e9novation de haute qualit\u00e9, adapt\u00e9s aux besoins uniques des clients r\u00e9sidentiels et commerciaux. Que vous souhaitiez am\u00e9liorer votre [&hellip;]<\/p>\n","protected":false},"author":1,"featured_media":0,"parent":0,"menu_order":0,"comment_status":"closed","ping_status":"closed","template":"elementor_header_footer","meta":{"_joinchat":[],"footnotes":""},"class_list":["post-362","page","type-page","status-publish","hentry"],"_links":{"self":[{"href":"https:\/\/infinityrenovation.ae\/fr\/wp-json\/wp\/v2\/pages\/362","targetHints":{"allow":["GET"]}}],"collection":[{"href":"https:\/\/infinityrenovation.ae\/fr\/wp-json\/wp\/v2\/pages"}],"about":[{"href":"https:\/\/infinityrenovation.ae\/fr\/wp-json\/wp\/v2\/types\/page"}],"author":[{"embeddable":true,"href":"https:\/\/infinityrenovation.ae\/fr\/wp-json\/wp\/v2\/users\/1"}],"replies":[{"embeddable":true,"href":"https:\/\/infinityrenovation.ae\/fr\/wp-json\/wp\/v2\/comments?post=362"}],"version-history":[{"count":7,"href":"https:\/\/infinityrenovation.ae\/fr\/wp-json\/wp\/v2\/pages\/362\/revisions"}],"predecessor-version":[{"id":520,"href":"https:\/\/infinityrenovation.ae\/fr\/wp-json\/wp\/v2\/pages\/362\/revisions\/520"}],"wp:attachment":[{"href":"https:\/\/infinityrenovation.ae\/fr\/wp-json\/wp\/v2\/media?parent=362"}],"curies":[{"name":"wp","href":"https:\/\/api.w.org\/{rel}","templated":true}]}}